{"id":400,"date":"2019-08-15T01:25:59","date_gmt":"2019-08-15T01:25:59","guid":{"rendered":"https:\/\/skytechkey.com\/?page_id=400"},"modified":"2019-08-27T10:53:32","modified_gmt":"2019-08-27T10:53:32","slug":"ho-so-nang-luc","status":"publish","type":"page","link":"https:\/\/skytechkey.com\/en\/ho-so-nang-luc\/","title":{"rendered":"Capacity profile"},"content":{"rendered":"<h1 style=\"text-align: center;\">Capacity profile<\/h1>\n<div id=\"tw-target-text-container\" class=\"tw-ta-container tw-nfl\">\n<p id=\"tw-target-text\" class=\"tw-data-text tw-text-large tw-ta\" dir=\"ltr\" data-placeholder=\"B\u1ea3n d\u1ecbch\"><span lang=\"en\" tabindex=\"0\">Capacity profile. Starting from the Software Technology Center with a staff of staff and infrastructure limited mainly to focus on software outsourcing and website development, SEO services for foreign individuals and organizations, we have accumulated Accumulation and learning are constantly moving towards a more professional environment and more domestic market. The company has gradually risen to become a strong unit, professional operation in the field of information technology, affirming its prestige and brand with domestic and foreign partners and customers.<\/span><\/p>\n<\/div>\n<div id=\"tw-target-text-container\" class=\"tw-ta-container tw-nfl\">\n<p id=\"tw-target-text\" class=\"tw-data-text tw-text-large tw-ta\" dir=\"ltr\" data-placeholder=\"B\u1ea3n d\u1ecbch\"><span lang=\"en\" tabindex=\"0\">1. General introduction: (capacity profile)<\/span><\/p>\n<\/div>\n<ul>\n<li>\n<div id=\"tw-target-text-container\" class=\"tw-ta-container tw-nfl\">\n<p id=\"tw-target-text\" class=\"tw-data-text tw-text-large tw-ta\" dir=\"ltr\" data-placeholder=\"B\u1ea3n d\u1ecbch\"><span lang=\"en\" tabindex=\"0\">Company name: SKYTECH Technology Development Company Limited<\/span><\/p>\n<\/div>\n<\/li>\n<li>\n<div id=\"tw-target-text-container\" class=\"tw-ta-container tw-nfl\">\n<p id=\"tw-target-text\" class=\"tw-data-text tw-text-large tw-ta\" dir=\"ltr\" data-placeholder=\"B\u1ea3n d\u1ecbch\"><span lang=\"en\" tabindex=\"0\">International name: SKYTECH TECHNOLOGY DEVELOPMENT COMPANY LIMITED<\/span><\/p>\n<\/div>\n<\/li>\n<li>\n<div id=\"tw-target-text-container\" class=\"tw-ta-container tw-nfl\">\n<p id=\"tw-target-text\" class=\"tw-data-text tw-text-large tw-ta\" dir=\"ltr\" data-placeholder=\"B\u1ea3n d\u1ecbch\"><span lang=\"en\" tabindex=\"0\">Head office: Lot 43 P3.10 Duong Hoa Binh 4, P. Hoa Quy, Q. Ngu Hanh Son, TP. Danang<\/span><\/p>\n<\/div>\n<\/li>\n<li>\n<div id=\"tw-target-text-container\" class=\"tw-ta-container tw-nfl\">\n<p id=\"tw-target-text\" class=\"tw-data-text tw-text-large tw-ta\" dir=\"ltr\" data-placeholder=\"B\u1ea3n d\u1ecbch\"><span lang=\"en\" tabindex=\"0\">Office: 05 Cao Thang, P. Thanh Binh, Hai Chau District, TP. Danang<\/span><\/p>\n<\/div>\n<\/li>\n<li>\n<div id=\"tw-target-text-container\" class=\"tw-ta-container tw-nfl\">\n<p id=\"tw-target-text\" class=\"tw-data-text tw-text-large tw-ta\" dir=\"ltr\" data-placeholder=\"B\u1ea3n d\u1ecbch\"><span lang=\"en\" tabindex=\"0\">Phone: 0941.300.639; 0902,401,024.<\/span><\/p>\n<\/div>\n<\/li>\n<li><b>Email: <a href=\"mailto:sales@skytechkey.com\">sales@skytechkey.com<\/a><\/b><\/li>\n<li><b>Website: https:\/\/skytechkey.com<\/b><\/li>\n<\/ul>\n<div id=\"tw-target-text-container\" class=\"tw-ta-container tw-nfl\"><span lang=\"en\" tabindex=\"0\">2. Scope of activities:<\/span><\/div>\n<div id=\"tw-target-text-container\" class=\"tw-ta-container tw-nfl\">\n<p id=\"tw-target-text\" class=\"tw-data-text tw-text-large tw-ta\" dir=\"ltr\" data-placeholder=\"B\u1ea3n d\u1ecbch\"><span lang=\"en\" tabindex=\"0\">SKYTECH is a brand of professional information technology solutions, We provide consulting services; website design, website application development, software; Software outsourcing and application deployment for commercial industries. Consulting and implementing digital marketing services.<\/span><\/p>\n<\/div>\n<div id=\"tw-target-text-container\" class=\"tw-ta-container tw-nfl\">\n<p id=\"tw-target-text\" class=\"tw-data-text tw-text-large tw-ta\" dir=\"ltr\" data-placeholder=\"B\u1ea3n d\u1ecbch\"><span lang=\"en\" tabindex=\"0\"><a href=\"https:\/\/skytechkey.com\/lien-he\/\">Contact<\/a>\u00a0us today for free support and advice:<\/span><\/p>\n<\/div>\n<div id=\"z6maec\" class=\"tw-ta-container tw-nfl\">\n<div id=\"tw-target-text-container\" class=\"tw-ta-container tw-nfl\">\n<p id=\"tw-target-text\" class=\"tw-data-text tw-text-large tw-ta\" dir=\"ltr\" data-placeholder=\"B\u1ea3n d\u1ecbch\"><span lang=\"en\" tabindex=\"0\">Address: Lot 43 P3.10 \u0110\u01b0\u1eddng H\u00f2a B\u00ecnh 4, P. H\u00f2a Qu\u00fd, Q. Ng\u0169 H\u00e0nh S\u01a1n, TP. Danang<\/span><\/p>\n<\/div>\n<div id=\"z6maec\" class=\"tw-ta-container tw-nfl\">\n<p id=\"tw-target-text\" class=\"tw-data-text tw-text-large tw-ta\" dir=\"ltr\" data-placeholder=\"B\u1ea3n d\u1ecbch\"><span lang=\"en\" tabindex=\"0\">Representative office: 05 Cao Thang, P. Thanh Binh, Hai Chau District, TP. Danang<\/span><\/p>\n<div id=\"z6maec\" class=\"tw-ta-container tw-nfl\">\n<div id=\"tw-target-text-container\" class=\"tw-ta-container tw-nfl\"><span lang=\"en\" tabindex=\"0\">Phone: 0941.300.639; 0902,401,024.<\/span><\/div>\n<div id=\"z6maec\" class=\"tw-ta-container tw-nfl\">\n<p><strong>Email<\/strong>:\u00a0<a href=\"mailto:sales@skytechkey.com\">sales@skytechkey.com<\/a><\/p>\n<p><strong>Facebook<\/strong>:\u00a0<a href=\"https:\/\/www.facebook.com\/SkyTechKey\/\">https:\/\/www.facebook.com\/SkyTechKey\/<\/a><\/p>\n<p><strong>Instagram<\/strong>:\u00a0<a href=\"https:\/\/www.instagram.com\/skytechkey\/\">https:\/\/www.instagram.com\/skytechkey\/<\/a><\/p>\n<p><strong>Twitter<\/strong>:\u00a0<a href=\"https:\/\/twitter.com\/SkyTechDaNang\">https:\/\/twitter.com\/SkyTechDaNang<\/a><\/p>\n<\/div>\n<\/div>\n<\/div>\n<\/div>","protected":false},"excerpt":{"rendered":"<p>Capacity profile Capacity profile. Starting from the Software Technology Center with a staff of staff and infrastructure limited mainly to focus on software outsourcing and website development, SEO services for foreign individuals and organizations, we have accumulated Accumulation and learning are constantly moving towards a more professional environment and more domestic market. The company has<\/p>\n","protected":false},"author":1,"featured_media":206,"parent":0,"menu_order":0,"comment_status":"closed","ping_status":"closed","template":"","meta":{"footnotes":""},"yoast_head":"<!-- This site is optimized with the Yoast SEO Premium plugin v20.7 (Yoast SEO v22.0) - https:\/\/yoast.com\/wordpress\/plugins\/seo\/ -->\n<title>Capacity profile - SkyTech smart software solution<\/title>\n<meta name=\"description\" content=\"(Ti\u1ebfng Vi\u1ec7t) H\u1ed3 s\u01a1 n\u0103ng l\u1ef1c. Kh\u1edfi \u0111\u1ea7u t\u1eeb Trung t\u00e2m C\u00f4ng ngh\u1ec7 Ph\u1ea7n m\u1ec1m v\u1edbi \u0111\u1ed9i ng\u0169 nh\u00e2n l\u1ef1c v\u00e0 c\u01a1 s\u1edf h\u1ea1 t\u1ea7ng h\u1ea1n ch\u1ebf ch\u1ee7 y\u1ebfu t\u1eadp trung gia c\u00f4ng ph\u1ea7n m\u1ec1m\" \/>\n<meta name=\"robots\" content=\"index, follow, max-snippet:-1, max-image-preview:large, max-video-preview:-1\" \/>\n<link rel=\"canonical\" href=\"https:\/\/skytechkey.com\/en\/ho-so-nang-luc\/\" \/>\n<meta property=\"og:locale\" content=\"en_US\" \/>\n<meta property=\"og:type\" content=\"article\" \/>\n<meta property=\"og:title\" content=\"Capacity profile\" \/>\n<meta property=\"og:description\" content=\"(Ti\u1ebfng Vi\u1ec7t) H\u1ed3 s\u01a1 n\u0103ng l\u1ef1c. Kh\u1edfi \u0111\u1ea7u t\u1eeb Trung t\u00e2m C\u00f4ng ngh\u1ec7 Ph\u1ea7n m\u1ec1m v\u1edbi \u0111\u1ed9i ng\u0169 nh\u00e2n l\u1ef1c v\u00e0 c\u01a1 s\u1edf h\u1ea1 t\u1ea7ng h\u1ea1n ch\u1ebf ch\u1ee7 y\u1ebfu t\u1eadp trung gia c\u00f4ng ph\u1ea7n m\u1ec1m\" \/>\n<meta property=\"og:url\" content=\"https:\/\/skytechkey.com\/en\/ho-so-nang-luc\/\" \/>\n<meta property=\"og:site_name\" content=\"SkyTech smart software solution\" \/>\n<meta property=\"article:publisher\" content=\"https:\/\/www.facebook.com\/SkyTechKey.Web.PhanMem.Camera.BenReDep\" \/>\n<meta property=\"article:modified_time\" content=\"2019-08-27T10:53:32+00:00\" \/>\n<meta property=\"og:image\" content=\"https:\/\/skytechkey.com\/wp-content\/uploads\/2019\/08\/image-3-of-4-1.jpg\" \/>\n\t<meta property=\"og:image:width\" content=\"1000\" \/>\n\t<meta property=\"og:image:height\" content=\"688\" \/>\n\t<meta property=\"og:image:type\" content=\"image\/jpeg\" \/>\n<meta name=\"twitter:card\" content=\"summary_large_image\" \/>\n<meta name=\"twitter:site\" content=\"@SkyTechDaNang\" \/>\n<meta name=\"twitter:label1\" content=\"Est. reading time\" \/>\n\t<meta name=\"twitter:data1\" content=\"4 minutes\" \/>\n<script type=\"application\/ld+json\" class=\"yoast-schema-graph\">{\"@context\":\"https:\/\/schema.org\",\"@graph\":[{\"@type\":\"WebPage\",\"@id\":\"https:\/\/skytechkey.com\/en\/ho-so-nang-luc\/\",\"url\":\"https:\/\/skytechkey.com\/en\/ho-so-nang-luc\/\",\"name\":\"Capacity profile - SkyTech smart software solution\",\"isPartOf\":{\"@id\":\"https:\/\/skytechkey.com\/#website\"},\"datePublished\":\"2019-08-15T01:25:59+00:00\",\"dateModified\":\"2019-08-27T10:53:32+00:00\",\"description\":\"(Ti\u1ebfng Vi\u1ec7t) H\u1ed3 s\u01a1 n\u0103ng l\u1ef1c. Kh\u1edfi \u0111\u1ea7u t\u1eeb Trung t\u00e2m C\u00f4ng ngh\u1ec7 Ph\u1ea7n m\u1ec1m v\u1edbi \u0111\u1ed9i ng\u0169 nh\u00e2n l\u1ef1c v\u00e0 c\u01a1 s\u1edf h\u1ea1 t\u1ea7ng h\u1ea1n ch\u1ebf ch\u1ee7 y\u1ebfu t\u1eadp trung gia c\u00f4ng ph\u1ea7n m\u1ec1m\",\"breadcrumb\":{\"@id\":\"https:\/\/skytechkey.com\/en\/ho-so-nang-luc\/#breadcrumb\"},\"inLanguage\":\"en-US\",\"potentialAction\":[{\"@type\":\"ReadAction\",\"target\":[\"https:\/\/skytechkey.com\/en\/ho-so-nang-luc\/\"]}]},{\"@type\":\"BreadcrumbList\",\"@id\":\"https:\/\/skytechkey.com\/en\/ho-so-nang-luc\/#breadcrumb\",\"itemListElement\":[{\"@type\":\"ListItem\",\"position\":1,\"name\":\"Trang ch\u1ee7\",\"item\":\"https:\/\/skytechkey.com\/\"},{\"@type\":\"ListItem\",\"position\":2,\"name\":\"Capacity profile\"}]},{\"@type\":\"WebSite\",\"@id\":\"https:\/\/skytechkey.com\/#website\",\"url\":\"https:\/\/skytechkey.com\/\",\"name\":\"Gi\u1ea3i ph\u00e1p ph\u1ea7n m\u1ec1m th\u00f4ng minh SkyTech\",\"description\":\"Cheap web design in Da Nang, Quang Nam and nationwide\",\"publisher\":{\"@id\":\"https:\/\/skytechkey.com\/#organization\"},\"potentialAction\":[{\"@type\":\"SearchAction\",\"target\":{\"@type\":\"EntryPoint\",\"urlTemplate\":\"https:\/\/skytechkey.com\/?s={search_term_string}\"},\"query-input\":\"required name=search_term_string\"}],\"inLanguage\":\"en-US\"},{\"@type\":\"Organization\",\"@id\":\"https:\/\/skytechkey.com\/#organization\",\"name\":\"C\u00f4ng ty TNHH Ph\u00e1t tri\u1ec3n C\u00f4ng ngh\u1ec7 SkyTech\",\"alternateName\":\"C\u00f4ng ty TNHH Ph\u00e1t tri\u1ec3n C\u00f4ng ngh\u1ec7 SkyTech\",\"url\":\"https:\/\/skytechkey.com\/\",\"logo\":{\"@type\":\"ImageObject\",\"inLanguage\":\"en-US\",\"@id\":\"https:\/\/skytechkey.com\/#\/schema\/logo\/image\/\",\"url\":\"https:\/\/skytechkey.com\/wp-content\/uploads\/2024\/02\/logo_skytech_Vuong.png\",\"contentUrl\":\"https:\/\/skytechkey.com\/wp-content\/uploads\/2024\/02\/logo_skytech_Vuong.png\",\"width\":389,\"height\":296,\"caption\":\"C\u00f4ng ty TNHH Ph\u00e1t tri\u1ec3n C\u00f4ng ngh\u1ec7 SkyTech\"},\"image\":{\"@id\":\"https:\/\/skytechkey.com\/#\/schema\/logo\/image\/\"},\"sameAs\":[\"https:\/\/www.facebook.com\/SkyTechKey.Web.PhanMem.Camera.BenReDep\",\"https:\/\/twitter.com\/SkyTechDaNang\"]}]}<\/script>\n<!-- \/ Yoast SEO Premium plugin. -->","yoast_head_json":{"title":"Capacity profile - SkyTech smart software solution","description":"(Ti\u1ebfng Vi\u1ec7t) H\u1ed3 s\u01a1 n\u0103ng l\u1ef1c. Kh\u1edfi \u0111\u1ea7u t\u1eeb Trung t\u00e2m C\u00f4ng ngh\u1ec7 Ph\u1ea7n m\u1ec1m v\u1edbi \u0111\u1ed9i ng\u0169 nh\u00e2n l\u1ef1c v\u00e0 c\u01a1 s\u1edf h\u1ea1 t\u1ea7ng h\u1ea1n ch\u1ebf ch\u1ee7 y\u1ebfu t\u1eadp trung gia c\u00f4ng ph\u1ea7n m\u1ec1m","robots":{"index":"index","follow":"follow","max-snippet":"max-snippet:-1","max-image-preview":"max-image-preview:large","max-video-preview":"max-video-preview:-1"},"canonical":"https:\/\/skytechkey.com\/en\/ho-so-nang-luc\/","og_locale":"en_US","og_type":"article","og_title":"Capacity profile","og_description":"(Ti\u1ebfng Vi\u1ec7t) H\u1ed3 s\u01a1 n\u0103ng l\u1ef1c. Kh\u1edfi \u0111\u1ea7u t\u1eeb Trung t\u00e2m C\u00f4ng ngh\u1ec7 Ph\u1ea7n m\u1ec1m v\u1edbi \u0111\u1ed9i ng\u0169 nh\u00e2n l\u1ef1c v\u00e0 c\u01a1 s\u1edf h\u1ea1 t\u1ea7ng h\u1ea1n ch\u1ebf ch\u1ee7 y\u1ebfu t\u1eadp trung gia c\u00f4ng ph\u1ea7n m\u1ec1m","og_url":"https:\/\/skytechkey.com\/en\/ho-so-nang-luc\/","og_site_name":"SkyTech smart software solution","article_publisher":"https:\/\/www.facebook.com\/SkyTechKey.Web.PhanMem.Camera.BenReDep","article_modified_time":"2019-08-27T10:53:32+00:00","og_image":[{"width":1000,"height":688,"url":"https:\/\/skytechkey.com\/wp-content\/uploads\/2019\/08\/image-3-of-4-1.jpg","type":"image\/jpeg"}],"twitter_card":"summary_large_image","twitter_site":"@SkyTechDaNang","twitter_misc":{"Est. reading time":"4 minutes"},"schema":{"@context":"https:\/\/schema.org","@graph":[{"@type":"WebPage","@id":"https:\/\/skytechkey.com\/en\/ho-so-nang-luc\/","url":"https:\/\/skytechkey.com\/en\/ho-so-nang-luc\/","name":"Capacity profile - SkyTech smart software solution","isPartOf":{"@id":"https:\/\/skytechkey.com\/#website"},"datePublished":"2019-08-15T01:25:59+00:00","dateModified":"2019-08-27T10:53:32+00:00","description":"(Ti\u1ebfng Vi\u1ec7t) H\u1ed3 s\u01a1 n\u0103ng l\u1ef1c. Kh\u1edfi \u0111\u1ea7u t\u1eeb Trung t\u00e2m C\u00f4ng ngh\u1ec7 Ph\u1ea7n m\u1ec1m v\u1edbi \u0111\u1ed9i ng\u0169 nh\u00e2n l\u1ef1c v\u00e0 c\u01a1 s\u1edf h\u1ea1 t\u1ea7ng h\u1ea1n ch\u1ebf ch\u1ee7 y\u1ebfu t\u1eadp trung gia c\u00f4ng ph\u1ea7n m\u1ec1m","breadcrumb":{"@id":"https:\/\/skytechkey.com\/en\/ho-so-nang-luc\/#breadcrumb"},"inLanguage":"en-US","potentialAction":[{"@type":"ReadAction","target":["https:\/\/skytechkey.com\/en\/ho-so-nang-luc\/"]}]},{"@type":"BreadcrumbList","@id":"https:\/\/skytechkey.com\/en\/ho-so-nang-luc\/#breadcrumb","itemListElement":[{"@type":"ListItem","position":1,"name":"Trang ch\u1ee7","item":"https:\/\/skytechkey.com\/"},{"@type":"ListItem","position":2,"name":"Capacity profile"}]},{"@type":"WebSite","@id":"https:\/\/skytechkey.com\/#website","url":"https:\/\/skytechkey.com\/","name":"Gi\u1ea3i ph\u00e1p ph\u1ea7n m\u1ec1m th\u00f4ng minh SkyTech","description":"Cheap web design in Da Nang, Quang Nam and nationwide","publisher":{"@id":"https:\/\/skytechkey.com\/#organization"},"potentialAction":[{"@type":"SearchAction","target":{"@type":"EntryPoint","urlTemplate":"https:\/\/skytechkey.com\/?s={search_term_string}"},"query-input":"required name=search_term_string"}],"inLanguage":"en-US"},{"@type":"Organization","@id":"https:\/\/skytechkey.com\/#organization","name":"C\u00f4ng ty TNHH Ph\u00e1t tri\u1ec3n C\u00f4ng ngh\u1ec7 SkyTech","alternateName":"C\u00f4ng ty TNHH Ph\u00e1t tri\u1ec3n C\u00f4ng ngh\u1ec7 SkyTech","url":"https:\/\/skytechkey.com\/","logo":{"@type":"ImageObject","inLanguage":"en-US","@id":"https:\/\/skytechkey.com\/#\/schema\/logo\/image\/","url":"https:\/\/skytechkey.com\/wp-content\/uploads\/2024\/02\/logo_skytech_Vuong.png","contentUrl":"https:\/\/skytechkey.com\/wp-content\/uploads\/2024\/02\/logo_skytech_Vuong.png","width":389,"height":296,"caption":"C\u00f4ng ty TNHH Ph\u00e1t tri\u1ec3n C\u00f4ng ngh\u1ec7 SkyTech"},"image":{"@id":"https:\/\/skytechkey.com\/#\/schema\/logo\/image\/"},"sameAs":["https:\/\/www.facebook.com\/SkyTechKey.Web.PhanMem.Camera.BenReDep","https:\/\/twitter.com\/SkyTechDaNang"]}]}},"_links":{"self":[{"href":"https:\/\/skytechkey.com\/en\/wp-json\/wp\/v2\/pages\/400"}],"collection":[{"href":"https:\/\/skytechkey.com\/en\/wp-json\/wp\/v2\/pages"}],"about":[{"href":"https:\/\/skytechkey.com\/en\/wp-json\/wp\/v2\/types\/page"}],"author":[{"embeddable":true,"href":"https:\/\/skytechkey.com\/en\/wp-json\/wp\/v2\/users\/1"}],"replies":[{"embeddable":true,"href":"https:\/\/skytechkey.com\/en\/wp-json\/wp\/v2\/comments?post=400"}],"version-history":[{"count":0,"href":"https:\/\/skytechkey.com\/en\/wp-json\/wp\/v2\/pages\/400\/revisions"}],"wp:featuredmedia":[{"embeddable":true,"href":"https:\/\/skytechkey.com\/en\/wp-json\/wp\/v2\/media\/206"}],"wp:attachment":[{"href":"https:\/\/skytechkey.com\/en\/wp-json\/wp\/v2\/media?parent=400"}],"curies":[{"name":"wp","href":"https:\/\/api.w.org\/{rel}","templated":true}]}}